{"id":1496,"date":"2020-06-22T12:32:28","date_gmt":"2020-06-22T12:32:28","guid":{"rendered":"https:\/\/evasionalpine.ch\/web\/?page_id=1496"},"modified":"2022-01-10T19:44:05","modified_gmt":"2022-01-10T19:44:05","slug":"decouverte-nature","status":"publish","type":"page","link":"https:\/\/evasionalpine.ch\/web\/decouverte-nature\/","title":{"rendered":"D\u00e9couverte nature"},"content":{"rendered":"<p>[et_pb_section fb_built=&#8221;1&#8243; fullwidth=&#8221;on&#8221; _builder_version=&#8221;4.4.8&#8243; custom_margin=&#8221;||||false|false&#8221; da_disable_devices=&#8221;off|off|off&#8221; global_colors_info=&#8221;{}&#8221; da_is_popup=&#8221;off&#8221; da_exit_intent=&#8221;off&#8221; da_has_close=&#8221;on&#8221; da_alt_close=&#8221;off&#8221; da_dark_close=&#8221;off&#8221; da_not_modal=&#8221;on&#8221; da_is_singular=&#8221;off&#8221; da_with_loader=&#8221;off&#8221; da_has_shadow=&#8221;on&#8221;][et_pb_fullwidth_menu menu_id=&#8221;22&#8243; menu_style=&#8221;centered&#8221; submenu_direction=&#8221;downwards&#8221; fullwidth_menu=&#8221;off&#8221; active_link_color=&#8221;#000000&#8243; _builder_version=&#8221;4.4.8&#8243; menu_font=&#8221;GothamLight||||||||&#8221; menu_text_color=&#8221;#000000&#8243; menu_font_size=&#8221;16px&#8221; menu_line_height=&#8221;0em&#8221; module_alignment=&#8221;center&#8221; height=&#8221;55px&#8221; max_height=&#8221;55px&#8221; custom_margin=&#8221;||||false|false&#8221; border_width_bottom=&#8221;1px&#8221; border_color_bottom=&#8221;#b3b3b3&#8243; global_colors_info=&#8221;{}&#8221;][\/et_pb_fullwidth_menu][\/et_pb_section][et_pb_section fb_built=&#8221;1&#8243; fullwidth=&#8221;on&#8221; admin_label=&#8221;Accueil&#8221; module_id=&#8221;accueil&#8221; module_class=&#8221;ds-section&#8221; _builder_version=&#8221;4.4.8&#8243; custom_padding=&#8221;||||false|false&#8221; da_popup_slug=&#8221;accueil&#8221; da_disable_devices=&#8221;off|off|off&#8221; global_colors_info=&#8221;{}&#8221; da_is_popup=&#8221;off&#8221; da_exit_intent=&#8221;off&#8221; da_has_close=&#8221;on&#8221; da_alt_close=&#8221;off&#8221; da_dark_close=&#8221;off&#8221; da_not_modal=&#8221;on&#8221; da_is_singular=&#8221;off&#8221; da_with_loader=&#8221;off&#8221; da_has_shadow=&#8221;on&#8221;][et_pb_fullwidth_header text_orientation=&#8221;center&#8221; header_fullscreen=&#8221;on&#8221; logo_image_url=&#8221;https:\/\/evasionalpine.ch\/web\/wp-content\/uploads\/2020\/06\/logo-negatif1-Copie.png&#8221; logo_image_url_tablet=&#8221;https:\/\/evasionalpine.ch\/web\/wp-content\/uploads\/2020\/06\/logo-negatif1-1.png&#8221; logo_image_url_phone=&#8221;https:\/\/evasionalpine.ch\/web\/wp-content\/uploads\/2020\/06\/logo-negatif1-1.png&#8221; logo_image_url_last_edited=&#8221;on|phone&#8221; content_tablet=&#8221;&#8221; content_phone=&#8221;<\/p>\n<h1 style=%22text-align: center;%22>DECOUVERTE NATURE<\/h1>\n<p>&#8221; content_last_edited=&#8221;on|phone&#8221; disabled_on=&#8221;off|off|off&#8221; admin_label=&#8221;Photo d&#8217;accueil + logo + texte&#8221; _builder_version=&#8221;4.4.8&#8243; title_font=&#8221;GothamLight||||||||&#8221; title_font_size=&#8221;29px&#8221; background_image=&#8221;https:\/\/evasionalpine.ch\/web\/wp-content\/uploads\/2020\/08\/Ete_d\u00e9couverte2-scaled.jpg&#8221; module_alignment=&#8221;center&#8221; custom_margin=&#8221;||||false|false&#8221; custom_padding=&#8221;||||false|false&#8221; global_colors_info=&#8221;{}&#8221; logo_image_url__hover_enabled=&#8221;off|desktop&#8221;]<\/p>\n<h1 style=\"text-align: center;\"><strong>DECOUVERTE NATURE<\/strong><\/h1>\n<p>[\/et_pb_fullwidth_header][\/et_pb_section][et_pb_section fb_built=&#8221;1&#8243; _builder_version=&#8221;4.4.8&#8243; da_disable_devices=&#8221;off|off|off&#8221; global_colors_info=&#8221;{}&#8221; da_is_popup=&#8221;off&#8221; da_exit_intent=&#8221;off&#8221; da_has_close=&#8221;on&#8221; da_alt_close=&#8221;off&#8221; da_dark_close=&#8221;off&#8221; da_not_modal=&#8221;on&#8221; da_is_singular=&#8221;off&#8221; da_with_loader=&#8221;off&#8221; da_has_shadow=&#8221;on&#8221;][et_pb_row _builder_version=&#8221;4.4.8&#8243; global_colors_info=&#8221;{}&#8221;][et_pb_column type=&#8221;4_4&#8243; _builder_version=&#8221;4.4.8&#8243; global_colors_info=&#8221;{}&#8221;][et_pb_text _builder_version=&#8221;4.14.2&#8243; text_font=&#8221;GothamLight||||||||&#8221; text_font_size=&#8221;16px&#8221; hover_enabled=&#8221;0&#8243; global_colors_info=&#8221;{}&#8221; sticky_enabled=&#8221;0&#8243;]<\/p>\n<p style=\"text-align: center;\"><strong>D\u00e9couvrir son environnement<\/strong><\/p>\n<p style=\"text-align: center;\"><span style=\"font-weight: 400;\">Laissez-vous guider, en (re)d\u00e9couvrant la nature et ce qui nous entoure sous un nouvel oeil\u2026<\/span><\/p>\n<p style=\"text-align: center;\"><span style=\"font-weight: 400;\">Th\u00e9matique selon les rencontres du jour&#8230;<\/span><\/p>\n<p>[\/et_pb_text][\/et_pb_column][\/et_pb_row][\/et_pb_section][et_pb_section fb_built=&#8221;1&#8243; _builder_version=&#8221;4.4.8&#8243; custom_margin=&#8221;||||false|false&#8221; da_disable_devices=&#8221;off|off|off&#8221; global_colors_info=&#8221;{}&#8221; da_is_popup=&#8221;off&#8221; da_exit_intent=&#8221;off&#8221; da_has_close=&#8221;on&#8221; da_alt_close=&#8221;off&#8221; da_dark_close=&#8221;off&#8221; da_not_modal=&#8221;on&#8221; da_is_singular=&#8221;off&#8221; da_with_loader=&#8221;off&#8221; da_has_shadow=&#8221;on&#8221;][et_pb_row column_structure=&#8221;1_3,1_3,1_3&#8243; _builder_version=&#8221;4.4.8&#8243; global_colors_info=&#8221;{}&#8221;][et_pb_column type=&#8221;1_3&#8243; _builder_version=&#8221;4.4.8&#8243; global_colors_info=&#8221;{}&#8221;][et_pb_image src=&#8221;https:\/\/evasionalpine.ch\/web\/wp-content\/uploads\/2021\/04\/De\u0301c-nature-2-logo-scaled.jpg&#8221; alt=&#8221;D\u00e9c nature 2&#8243; title_text=&#8221;De\u0301c nature 2 logo&#8221; _builder_version=&#8221;4.4.8&#8243; global_colors_info=&#8221;{}&#8221;][\/et_pb_image][\/et_pb_column][et_pb_column type=&#8221;1_3&#8243; _builder_version=&#8221;4.4.8&#8243; global_colors_info=&#8221;{}&#8221;][et_pb_image src=&#8221;https:\/\/evasionalpine.ch\/web\/wp-content\/uploads\/2021\/04\/De\u0301c-nature-3-logo-scaled.jpg&#8221; alt=&#8221;D\u00e9c nature 3&#8243; title_text=&#8221;De\u0301c nature 3 logo&#8221; _builder_version=&#8221;4.4.8&#8243; global_colors_info=&#8221;{}&#8221;][\/et_pb_image][\/et_pb_column][et_pb_column type=&#8221;1_3&#8243; _builder_version=&#8221;4.4.8&#8243; global_colors_info=&#8221;{}&#8221;][et_pb_image src=&#8221;https:\/\/evasionalpine.ch\/web\/wp-content\/uploads\/2021\/04\/De\u0301c-nature-1-logo-scaled.jpg&#8221; alt=&#8221;D\u00e9c nature 1&#8243; title_text=&#8221;De\u0301c nature 1 logo&#8221; _builder_version=&#8221;4.4.8&#8243; global_colors_info=&#8221;{}&#8221;][\/et_pb_image][\/et_pb_column][\/et_pb_row][et_pb_row _builder_version=&#8221;4.4.8&#8243; global_colors_info=&#8221;{}&#8221;][et_pb_column type=&#8221;4_4&#8243; _builder_version=&#8221;4.4.8&#8243; global_colors_info=&#8221;{}&#8221;][et_pb_divider divider_style=&#8221;inset&#8221; divider_weight=&#8221;1px&#8221; _builder_version=&#8221;4.4.8&#8243; custom_margin=&#8221;||||false|false&#8221; custom_padding=&#8221;||||false|false&#8221; filter_brightness=&#8221;175%&#8221; global_colors_info=&#8221;{}&#8221;][\/et_pb_divider][\/et_pb_column][\/et_pb_row][\/et_pb_section]<\/p>\n","protected":false},"excerpt":{"rendered":"<p>DECOUVERTE NATURED\u00e9couvrir son environnement Laissez-vous guider, en (re)d\u00e9couvrant la nature et ce qui nous entoure sous un nouvel oeil\u2026 Th\u00e9matique selon les rencontres du jour&#8230;<\/p>\n","protected":false},"author":1,"featured_media":0,"parent":0,"menu_order":0,"comment_status":"closed","ping_status":"closed","template":"","meta":{"_et_pb_use_builder":"on","_et_pb_old_content":"","_et_gb_content_width":"","footnotes":""},"class_list":["post-1496","page","type-page","status-publish","hentry"],"yoast_head":"<!-- This site is optimized with the Yoast SEO plugin v24.4 - https:\/\/yoast.com\/wordpress\/plugins\/seo\/ -->\n<title>D\u00e9couverte nature - evasionalpine<\/title>\n<meta name=\"description\" content=\"Evasion Alpine: des randonn\u00e9es accompagn\u00e9es qui vous permettront de d\u00e9couvrir la nature autrement. Randonn\u00e9es p\u00e9destres et en raquettes, \u00e0 la demi-journ\u00e9e, journ\u00e9e et trekking.\" \/>\n<meta name=\"robots\" content=\"index, follow, max-snippet:-1, max-image-preview:large, max-video-preview:-1\" \/>\n<link rel=\"canonical\" href=\"https:\/\/evasionalpine.ch\/web\/decouverte-nature\/\" \/>\n<meta property=\"og:locale\" content=\"fr_FR\" \/>\n<meta property=\"og:type\" content=\"article\" \/>\n<meta property=\"og:title\" content=\"D\u00e9couverte nature - evasionalpine\" \/>\n<meta property=\"og:description\" content=\"Evasion Alpine: des randonn\u00e9es accompagn\u00e9es qui vous permettront de d\u00e9couvrir la nature autrement. Randonn\u00e9es p\u00e9destres et en raquettes, \u00e0 la demi-journ\u00e9e, journ\u00e9e et trekking.\" \/>\n<meta property=\"og:url\" content=\"https:\/\/evasionalpine.ch\/web\/decouverte-nature\/\" \/>\n<meta property=\"og:site_name\" content=\"evasionalpine\" \/>\n<meta property=\"article:modified_time\" content=\"2022-01-10T19:44:05+00:00\" \/>\n<meta name=\"twitter:card\" content=\"summary_large_image\" \/>\n<meta name=\"twitter:label1\" content=\"Dur\u00e9e de lecture estim\u00e9e\" \/>\n\t<meta name=\"twitter:data1\" content=\"4 minutes\" \/>\n<script type=\"application\/ld+json\" class=\"yoast-schema-graph\">{\"@context\":\"https:\/\/schema.org\",\"@graph\":[{\"@type\":\"WebPage\",\"@id\":\"https:\/\/evasionalpine.ch\/web\/decouverte-nature\/\",\"url\":\"https:\/\/evasionalpine.ch\/web\/decouverte-nature\/\",\"name\":\"D\u00e9couverte nature - evasionalpine\",\"isPartOf\":{\"@id\":\"https:\/\/evasionalpine.ch\/web\/#website\"},\"datePublished\":\"2020-06-22T12:32:28+00:00\",\"dateModified\":\"2022-01-10T19:44:05+00:00\",\"description\":\"Evasion Alpine: des randonn\u00e9es accompagn\u00e9es qui vous permettront de d\u00e9couvrir la nature autrement. Randonn\u00e9es p\u00e9destres et en raquettes, \u00e0 la demi-journ\u00e9e, journ\u00e9e et trekking.\",\"breadcrumb\":{\"@id\":\"https:\/\/evasionalpine.ch\/web\/decouverte-nature\/#breadcrumb\"},\"inLanguage\":\"fr-FR\",\"potentialAction\":[{\"@type\":\"ReadAction\",\"target\":[\"https:\/\/evasionalpine.ch\/web\/decouverte-nature\/\"]}]},{\"@type\":\"BreadcrumbList\",\"@id\":\"https:\/\/evasionalpine.ch\/web\/decouverte-nature\/#breadcrumb\",\"itemListElement\":[{\"@type\":\"ListItem\",\"position\":1,\"name\":\"Accueil\",\"item\":\"https:\/\/evasionalpine.ch\/web\/\"},{\"@type\":\"ListItem\",\"position\":2,\"name\":\"D\u00e9couverte nature\"}]},{\"@type\":\"WebSite\",\"@id\":\"https:\/\/evasionalpine.ch\/web\/#website\",\"url\":\"https:\/\/evasionalpine.ch\/web\/\",\"name\":\"evasionalpine\",\"description\":\"\",\"potentialAction\":[{\"@type\":\"SearchAction\",\"target\":{\"@type\":\"EntryPoint\",\"urlTemplate\":\"https:\/\/evasionalpine.ch\/web\/?s={search_term_string}\"},\"query-input\":{\"@type\":\"PropertyValueSpecification\",\"valueRequired\":true,\"valueName\":\"search_term_string\"}}],\"inLanguage\":\"fr-FR\"}]}<\/script>\n<!-- \/ Yoast SEO plugin. -->","yoast_head_json":{"title":"D\u00e9couverte nature - evasionalpine","description":"Evasion Alpine: des randonn\u00e9es accompagn\u00e9es qui vous permettront de d\u00e9couvrir la nature autrement. Randonn\u00e9es p\u00e9destres et en raquettes, \u00e0 la demi-journ\u00e9e, journ\u00e9e et trekking.","robots":{"index":"index","follow":"follow","max-snippet":"max-snippet:-1","max-image-preview":"max-image-preview:large","max-video-preview":"max-video-preview:-1"},"canonical":"https:\/\/evasionalpine.ch\/web\/decouverte-nature\/","og_locale":"fr_FR","og_type":"article","og_title":"D\u00e9couverte nature - evasionalpine","og_description":"Evasion Alpine: des randonn\u00e9es accompagn\u00e9es qui vous permettront de d\u00e9couvrir la nature autrement. Randonn\u00e9es p\u00e9destres et en raquettes, \u00e0 la demi-journ\u00e9e, journ\u00e9e et trekking.","og_url":"https:\/\/evasionalpine.ch\/web\/decouverte-nature\/","og_site_name":"evasionalpine","article_modified_time":"2022-01-10T19:44:05+00:00","twitter_card":"summary_large_image","twitter_misc":{"Dur\u00e9e de lecture estim\u00e9e":"4 minutes"},"schema":{"@context":"https:\/\/schema.org","@graph":[{"@type":"WebPage","@id":"https:\/\/evasionalpine.ch\/web\/decouverte-nature\/","url":"https:\/\/evasionalpine.ch\/web\/decouverte-nature\/","name":"D\u00e9couverte nature - evasionalpine","isPartOf":{"@id":"https:\/\/evasionalpine.ch\/web\/#website"},"datePublished":"2020-06-22T12:32:28+00:00","dateModified":"2022-01-10T19:44:05+00:00","description":"Evasion Alpine: des randonn\u00e9es accompagn\u00e9es qui vous permettront de d\u00e9couvrir la nature autrement. Randonn\u00e9es p\u00e9destres et en raquettes, \u00e0 la demi-journ\u00e9e, journ\u00e9e et trekking.","breadcrumb":{"@id":"https:\/\/evasionalpine.ch\/web\/decouverte-nature\/#breadcrumb"},"inLanguage":"fr-FR","potentialAction":[{"@type":"ReadAction","target":["https:\/\/evasionalpine.ch\/web\/decouverte-nature\/"]}]},{"@type":"BreadcrumbList","@id":"https:\/\/evasionalpine.ch\/web\/decouverte-nature\/#breadcrumb","itemListElement":[{"@type":"ListItem","position":1,"name":"Accueil","item":"https:\/\/evasionalpine.ch\/web\/"},{"@type":"ListItem","position":2,"name":"D\u00e9couverte nature"}]},{"@type":"WebSite","@id":"https:\/\/evasionalpine.ch\/web\/#website","url":"https:\/\/evasionalpine.ch\/web\/","name":"evasionalpine","description":"","potentialAction":[{"@type":"SearchAction","target":{"@type":"EntryPoint","urlTemplate":"https:\/\/evasionalpine.ch\/web\/?s={search_term_string}"},"query-input":{"@type":"PropertyValueSpecification","valueRequired":true,"valueName":"search_term_string"}}],"inLanguage":"fr-FR"}]}},"_links":{"self":[{"href":"https:\/\/evasionalpine.ch\/web\/wp-json\/wp\/v2\/pages\/1496","targetHints":{"allow":["GET"]}}],"collection":[{"href":"https:\/\/evasionalpine.ch\/web\/wp-json\/wp\/v2\/pages"}],"about":[{"href":"https:\/\/evasionalpine.ch\/web\/wp-json\/wp\/v2\/types\/page"}],"author":[{"embeddable":true,"href":"https:\/\/evasionalpine.ch\/web\/wp-json\/wp\/v2\/users\/1"}],"replies":[{"embeddable":true,"href":"https:\/\/evasionalpine.ch\/web\/wp-json\/wp\/v2\/comments?post=1496"}],"version-history":[{"count":48,"href":"https:\/\/evasionalpine.ch\/web\/wp-json\/wp\/v2\/pages\/1496\/revisions"}],"predecessor-version":[{"id":4189,"href":"https:\/\/evasionalpine.ch\/web\/wp-json\/wp\/v2\/pages\/1496\/revisions\/4189"}],"wp:attachment":[{"href":"https:\/\/evasionalpine.ch\/web\/wp-json\/wp\/v2\/media?parent=1496"}],"curies":[{"name":"wp","href":"https:\/\/api.w.org\/{rel}","templated":true}]}}